{"id":4621,"date":"2024-05-22T23:51:45","date_gmt":"2024-05-22T21:51:45","guid":{"rendered":"https:\/\/taxislausanne.ch\/?page_id=4621"},"modified":"2024-05-26T11:08:00","modified_gmt":"2024-05-26T09:08:00","slug":"taxi-lausanne-pas-che","status":"publish","type":"page","link":"https:\/\/taxislausanne.ch\/en\/taxi-lausanne-pas-che\/","title":{"rendered":"Individual races with Taxi Lausanne and the Surrounding area"},"content":{"rendered":"<div data-elementor-type=\"wp-page\" data-elementor-id=\"4621\" class=\"elementor elementor-4621\" data-elementor-post-type=\"page\">\n\t\t\t\t\t\t<section class=\"elementor-section elementor-top-section elementor-element elementor-element-1ddb813 elementor-section-full_width elementor-section-height-default elementor-section-height-default\" data-id=\"1ddb813\" data-element_type=\"section\">\n\t\t\t\t\t\t<div class=\"elementor-container elementor-column-gap-no\">\n\t\t\t\t\t<div class=\"elementor-column elementor-col-100 elementor-top-column elementor-element elementor-element-72a4fa1c\" data-id=\"72a4fa1c\" data-element_type=\"column\">\n\t\t\t<div class=\"elementor-widget-wrap elementor-element-populated\">\n\t\t\t\t\t\t<section class=\"elementor-section elementor-inner-section elementor-element elementor-element-473ec788 elementor-section-content-bottom elementor-section-boxed elementor-section-height-default elementor-section-height-default\" data-id=\"473ec788\" data-element_type=\"section\">\n\t\t\t\t\t\t<div class=\"elementor-container elementor-column-gap-no\">\n\t\t\t\t\t<div class=\"elementor-column elementor-col-50 elementor-inner-column elementor-element elementor-element-5bd5f47b\" data-id=\"5bd5f47b\" data-element_type=\"column\">\n\t\t\t<div class=\"elementor-widget-wrap elementor-element-populated\">\n\t\t\t\t\r\n\t\t<div class=\"elementor-element elementor-element-19a5d06c elementor-widget elementor-widget-taxsecogroupimage\" data-id=\"19a5d06c\" data-element_type=\"widget\" data-widget_type=\"taxsecogroupimage.default\">\n\t\t\t\t<div class=\"elementor-widget-container\">\n\t\t\t\t\t<div class=\"img-box1\"><div class=\"img1\"><img decoding=\"async\" src=\"https:\/\/taxislausanne.ch\/wp-content\/uploads\/2024\/05\/service-taxi-lausanne.jpg\" alt=\"service taxi lausanne\"  \/><\/div><\/div>\t\t\t\t<\/div>\n\t\t\t\t<\/div>\n\t\t\t\t\t<\/div>\n\t\t<\/div>\n\t\t\t\t<div class=\"elementor-column elementor-col-50 elementor-inner-column elementor-element elementor-element-53912e2f\" data-id=\"53912e2f\" data-element_type=\"column\">\n\t\t\t<div class=\"elementor-widget-wrap elementor-element-populated\">\n\t\t\t\t\t\t<div class=\"elementor-element elementor-element-471d3c2d elementor-widget elementor-widget-text-editor\" data-id=\"471d3c2d\" data-element_type=\"widget\" data-widget_type=\"text-editor.default\">\n\t\t\t\t<div class=\"elementor-widget-container\">\n\t\t\t\t\t\t\t\t\t<h2>Introduction<\/h2><p>For your personal trips to Lausanne, <strong>Taxi Lausanne and the Surrounding area<\/strong> offers you a service of individual races in high quality. Whether you need a <strong>taxi service in Lausanne<\/strong> for commuting, going out at night or important appointments, we are here to provide you a reliable, comfortable and affordable.<\/p><h2>A Quality Service for All Your Travel<\/h2><h3>Taxi Lausanne Cheap<\/h3><p>We believe that quality does not necessarily have to be expensive. It is why we offer competitive rates for our individual races, making us one <strong>Taxi Lausanne cheap<\/strong> while maintaining high standards of service. Be it for a short ride in the city or a travel longer, we guarantee you an excellent quality-price ratio.<\/p>\t\t\t\t\t\t\t\t<\/div>\n\t\t\t\t<\/div>\n\t\t\t\t<div class=\"elementor-element elementor-element-28cbf50c elementor-widget elementor-widget-taxsecobutton\" data-id=\"28cbf50c\" data-element_type=\"widget\" data-widget_type=\"taxsecobutton.default\">\n\t\t\t\t<div class=\"elementor-widget-container\">\n\t\t\t\t\t<!-- Button --><div class=\"btn-wrapper\"><a class=\"th-btn style3 style-skew\" href=\"https:\/\/taxislausanne.ch\/en\/reservez-maintenant\/\"><span class=\"btn-text\">Rer\u00e9server your taxi<\/span><\/a><\/div><!-- End Button -->\t\t\t\t<\/div>\n\t\t\t\t<\/div>\n\t\t\t\t\t<\/div>\n\t\t<\/div>\n\t\t\t\t\t<\/div>\n\t\t<\/section>\n\t\t\t\t\t<\/div>\n\t\t<\/div>\n\t\t\t\t\t<\/div>\n\t\t<\/section>\n\t\t\t\t<section class=\"elementor-section elementor-top-section elementor-element elementor-element-27927af3 elementor-section-full_width elementor-section-stretched elementor-section-height-default elementor-section-height-default\" data-id=\"27927af3\" data-element_type=\"section\" data-settings=\"{&quot;background_background&quot;:&quot;classic&quot;,&quot;stretch_section&quot;:&quot;section-stretched&quot;}\">\n\t\t\t\t\t\t<div class=\"elementor-container elementor-column-gap-no\">\n\t\t\t\t\t<div class=\"elementor-column elementor-col-100 elementor-top-column elementor-element elementor-element-71f7c166\" data-id=\"71f7c166\" data-element_type=\"column\">\n\t\t\t<div class=\"elementor-widget-wrap elementor-element-populated\">\n\t\t\t\t\t\t<section class=\"elementor-section elementor-inner-section elementor-element elementor-element-6fa15799 elementor-section-boxed elementor-section-height-default elementor-section-height-default\" data-id=\"6fa15799\" data-element_type=\"section\">\n\t\t\t\t\t\t<div class=\"elementor-container elementor-column-gap-no\">\n\t\t\t\t\t<div class=\"elementor-column elementor-col-50 elementor-inner-column elementor-element elementor-element-d3e422\" data-id=\"d3e422\" data-element_type=\"column\">\n\t\t\t<div class=\"elementor-widget-wrap elementor-element-populated\">\n\t\t\t\t\t\t<div class=\"elementor-element elementor-element-7e97f7c elementor-widget elementor-widget-text-editor\" data-id=\"7e97f7c\" data-element_type=\"widget\" data-widget_type=\"text-editor.default\">\n\t\t\t\t<div class=\"elementor-widget-container\">\n\t\t\t\t\t\t\t\t\t<h3><span style=\"color: #ffffff;\">24\/7 availability<\/span><\/h3><p><span style=\"color: #ffffff;\">Our services <strong>taxi Lausanne night<\/strong> are available 24 hours on 24, 7 days on 7. Regardless of the time that you need a taxi, our drivers are ready to serve you. Whether it is for a night out, an early morning flight or a late return, you can count on us to be there when you need it.<\/span><\/p><h3><span style=\"color: #ffffff;\">Travel Lausanne and the Surrounding area<\/span><\/h3><p><span style=\"color: #ffffff;\">Whether you need to move to Lausanne or in the surrounding area, we cover all the areas. Our drivers know the city and its surrounding area, to ensure you a trip without mishap. For all your <strong>travel Lausanne<\/strong>trust Taxi Lausanne and the Surrounding area for a fast and efficient service.<\/span><\/p>\t\t\t\t\t\t\t\t<\/div>\n\t\t\t\t<\/div>\n\t\t\t\t\t<\/div>\n\t\t<\/div>\n\t\t\t\t<div class=\"elementor-column elementor-col-50 elementor-inner-column elementor-element elementor-element-f99e44b\" data-id=\"f99e44b\" data-element_type=\"column\">\n\t\t\t<div class=\"elementor-widget-wrap elementor-element-populated\">\n\t\t\t\t\t\t<div class=\"elementor-element elementor-element-5c144cf elementor-widget elementor-widget-taxsecogroupimage\" data-id=\"5c144cf\" data-element_type=\"widget\" data-widget_type=\"taxsecogroupimage.default\">\n\t\t\t\t<div class=\"elementor-widget-container\">\n\t\t\t\t\t<div class=\"img-box1\"><div class=\"img1\"><img decoding=\"async\" src=\"https:\/\/taxislausanne.ch\/wp-content\/uploads\/2024\/05\/taxi-lausanne.webp\" alt=\"taxi lausanne\"  \/><\/div><\/div>\t\t\t\t<\/div>\n\t\t\t\t<\/div>\n\t\t\t\t\t<\/div>\n\t\t<\/div>\n\t\t\t\t\t<\/div>\n\t\t<\/section>\n\t\t\t\t\t<\/div>\n\t\t<\/div>\n\t\t\t\t\t<\/div>\n\t\t<\/section>\n\t\t<div class=\"elementor-element elementor-element-9195e93 e-flex e-con-boxed e-con e-parent\" data-id=\"9195e93\" data-element_type=\"container\">\n\t\t\t\t\t<div class=\"e-con-inner\">\n\t\t\t\t<div class=\"elementor-element elementor-element-1a5808b elementor-widget elementor-widget-heading\" data-id=\"1a5808b\" data-element_type=\"widget\" data-widget_type=\"heading.default\">\n\t\t\t\t<div class=\"elementor-widget-container\">\n\t\t\t\t\t<h2 class=\"elementor-heading-title elementor-size-default\">Why Choose Taxi Lausanne and the Surrounding area ?<\/h2>\t\t\t\t<\/div>\n\t\t\t\t<\/div>\n\t\t\t\t\t<\/div>\n\t\t\t\t<\/div>\n\t\t\t\t<section class=\"elementor-section elementor-top-section elementor-element elementor-element-73763f6 elementor-section-full_width elementor-section-height-default elementor-section-height-default\" data-id=\"73763f6\" data-element_type=\"section\">\n\t\t\t\t\t\t<div class=\"elementor-container elementor-column-gap-no\">\n\t\t\t\t\t<div class=\"elementor-column elementor-col-100 elementor-top-column elementor-element elementor-element-5cc4e72\" data-id=\"5cc4e72\" data-element_type=\"column\">\n\t\t\t<div class=\"elementor-widget-wrap elementor-element-populated\">\n\t\t\t\t\t\t<section class=\"elementor-section elementor-inner-section elementor-element elementor-element-2500341 elementor-section-content-bottom elementor-section-boxed elementor-section-height-default elementor-section-height-default\" data-id=\"2500341\" data-element_type=\"section\">\n\t\t\t\t\t\t<div class=\"elementor-container elementor-column-gap-no\">\n\t\t\t\t\t<div class=\"elementor-column elementor-col-50 elementor-inner-column elementor-element elementor-element-774a801\" data-id=\"774a801\" data-element_type=\"column\">\n\t\t\t<div class=\"elementor-widget-wrap elementor-element-populated\">\n\t\t\t\t\t\t<div class=\"elementor-element elementor-element-fa3d555 elementor-widget elementor-widget-taxsecogroupimage\" data-id=\"fa3d555\" data-element_type=\"widget\" data-widget_type=\"taxsecogroupimage.default\">\n\t\t\t\t<div class=\"elementor-widget-container\">\n\t\t\t\t\t\t    \t<div class=\"shape-img1\">\r\n\t            <img decoding=\"async\" src=\"https:\/\/taxislausanne.ch\/wp-content\/uploads\/2024\/05\/7fca0b8e73.jpg\" alt=\"7fca0b8e73\"  \/>\t            <div class=\"shape\"><\/div>\r\n\t        <\/div>\r\n\t    \t\t\t\t<\/div>\n\t\t\t\t<\/div>\n\t\t\t\t\t<\/div>\n\t\t<\/div>\n\t\t\t\t<div class=\"elementor-column elementor-col-50 elementor-inner-column elementor-element elementor-element-feeaace\" data-id=\"feeaace\" data-element_type=\"column\">\n\t\t\t<div class=\"elementor-widget-wrap elementor-element-populated\">\n\t\t\t\t\t\t<div class=\"elementor-element elementor-element-eef921d elementor-widget elementor-widget-text-editor\" data-id=\"eef921d\" data-element_type=\"widget\" data-widget_type=\"text-editor.default\">\n\t\t\t\t<div class=\"elementor-widget-container\">\n\t\t\t\t\t\t\t\t\t<h3>Professional Drivers<\/h3><p>Our drivers are our main asset. They are professional, courteous and always willing to help you. Their in-depth knowledge of Lausanne and the surrounding area guarantees you a journey smooth and stress-free.<\/p><h3>Modern Vehicles<\/h3><p>We have a fleet of vehicles are modern and well maintained, equipped with all the necessary amenities to make your trip enjoyable. Whether you are traveling alone or in a group, we have the vehicle that fits your needs.<\/p><h3>Easy Booking<\/h3><p>Book a taxi with us is simple and fast. You can call us directly, or use our online booking system on <a href=\"https:\/\/taxislausanne.ch\/en\/\" target=\"_new\" rel=\"noreferrer\">www.taxislausanne.ch<\/a>. Our team is at your disposal to answer all your questions and help you plan your trips.<\/p>\t\t\t\t\t\t\t\t<\/div>\n\t\t\t\t<\/div>\n\t\t\t\t<div class=\"elementor-element elementor-element-229bc46 elementor-widget elementor-widget-taxsecobutton\" data-id=\"229bc46\" data-element_type=\"widget\" data-widget_type=\"taxsecobutton.default\">\n\t\t\t\t<div class=\"elementor-widget-container\">\n\t\t\t\t\t<!-- Button --><div class=\"btn-wrapper\"><a class=\"th-btn style3 style-skew\" href=\"https:\/\/taxislausanne.ch\/en\/reservez-maintenant\/\"><span class=\"btn-text\">Rer\u00e9server your taxi<\/span><\/a><\/div><!-- End Button -->\t\t\t\t<\/div>\n\t\t\t\t<\/div>\n\t\t\t\t\t<\/div>\n\t\t<\/div>\n\t\t\t\t\t<\/div>\n\t\t<\/section>\n\t\t\t\t\t<\/div>\n\t\t<\/div>\n\t\t\t\t\t<\/div>\n\t\t<\/section>\n\t\t\t\t<section class=\"elementor-section elementor-top-section elementor-element elementor-element-1824ab3 elementor-section-full_width elementor-section-stretched elementor-section-height-default elementor-section-height-default\" data-id=\"1824ab3\" data-element_type=\"section\" data-settings=\"{&quot;background_background&quot;:&quot;classic&quot;,&quot;stretch_section&quot;:&quot;section-stretched&quot;}\">\n\t\t\t\t\t\t\t<div class=\"elementor-background-overlay\"><\/div>\n\t\t\t\t\t\t\t<div class=\"elementor-container elementor-column-gap-no\">\n\t\t\t\t\t<div class=\"elementor-column elementor-col-100 elementor-top-column elementor-element elementor-element-efa9f17\" data-id=\"efa9f17\" data-element_type=\"column\">\n\t\t\t<div class=\"elementor-widget-wrap elementor-element-populated\">\n\t\t\t\t\t\t<section class=\"elementor-section elementor-inner-section elementor-element elementor-element-b5d5488 elementor-section-boxed elementor-section-height-default elementor-section-height-default\" data-id=\"b5d5488\" data-element_type=\"section\">\n\t\t\t\t\t\t<div class=\"elementor-container elementor-column-gap-no\">\n\t\t\t\t\t<div class=\"elementor-column elementor-col-100 elementor-inner-column elementor-element elementor-element-0954c0a\" data-id=\"0954c0a\" data-element_type=\"column\">\n\t\t\t<div class=\"elementor-widget-wrap elementor-element-populated\">\n\t\t\t\t\t\t<div class=\"elementor-element elementor-element-3420ab1 elementor-widget elementor-widget-heading\" data-id=\"3420ab1\" data-element_type=\"widget\" data-widget_type=\"heading.default\">\n\t\t\t\t<div class=\"elementor-widget-container\">\n\t\t\t\t\t<h5 class=\"elementor-heading-title elementor-size-default\"><a href=\"https:\/\/taxislausanne.ch\/en\/metform-form\/nous-contacter\/\">Contact Us<\/a><\/h5>\t\t\t\t<\/div>\n\t\t\t\t<\/div>\n\t\t\t\t<div class=\"elementor-element elementor-element-9398c95 elementor-widget elementor-widget-text-editor\" data-id=\"9398c95\" data-element_type=\"widget\" data-widget_type=\"text-editor.default\">\n\t\t\t\t<div class=\"elementor-widget-container\">\n\t\t\t\t\t\t\t\t\t<h2><span style=\"color: #ffffff;\">+41 79 206 57 89<\/span><\/h2>\t\t\t\t\t\t\t\t<\/div>\n\t\t\t\t<\/div>\n\t\t\t\t<div class=\"elementor-element elementor-element-f288c4a elementor-widget__width-initial elementor-widget elementor-widget-heading\" data-id=\"f288c4a\" data-element_type=\"widget\" data-widget_type=\"heading.default\">\n\t\t\t\t<div class=\"elementor-widget-container\">\n\t\t\t\t\t<p class=\"elementor-heading-title elementor-size-default\">Book a taxi with us is simple and fast. You can call us directly, or use our online booking system on www.taxislausanne.ch. Our team is at your disposal to answer all your questions and help you plan your trips.<\/p>\t\t\t\t<\/div>\n\t\t\t\t<\/div>\n\t\t\t\t<div class=\"elementor-element elementor-element-4b4afc5 elementor-widget elementor-widget-taxsecobutton\" data-id=\"4b4afc5\" data-element_type=\"widget\" data-widget_type=\"taxsecobutton.default\">\n\t\t\t\t<div class=\"elementor-widget-container\">\n\t\t\t\t\t<!-- Button --><div class=\"btn-wrapper\"><a class=\"th-btn style3 style-skew\" href=\"https:\/\/taxislausanne.ch\/en\/nous-contacter\/\"><span class=\"btn-text\">We write<\/span><\/a><\/div><!-- End Button -->\t\t\t\t<\/div>\n\t\t\t\t<\/div>\n\t\t\t\t\t<\/div>\n\t\t<\/div>\n\t\t\t\t\t<\/div>\n\t\t<\/section>\n\t\t\t\t\t<\/div>\n\t\t<\/div>\n\t\t\t\t\t<\/div>\n\t\t<\/section>\n\t\t\t\t<\/div>","protected":false},"excerpt":{"rendered":"<p>Introduction Pour vos d\u00e9placements personnels \u00e0 Lausanne, Taxi Lausanne et Environs vous offre un service de courses individuelles de haute qualit\u00e9. Que vous ayez besoin d&rsquo;un taxi service Lausanne pour des trajets quotidiens, des sorties nocturnes ou des rendez-vous importants, nous sommes l\u00e0 pour vous fournir un service fiable, confortable et abordable. Un Service de&#8230;<\/p>","protected":false},"author":1,"featured_media":0,"parent":0,"menu_order":0,"comment_status":"closed","ping_status":"closed","template":"","meta":{"footnotes":""},"yoast_head":"<!-- This site is optimized with the Yoast SEO Premium plugin v22.7 (Yoast SEO v22.7) - https:\/\/yoast.com\/wordpress\/plugins\/seo\/ -->\n<title>Courses Individuelles avec Taxi Lausanne et Environs - taxislausanne.ch<\/title>\n<meta name=\"description\" content=\"D\u00e9couvrez les courses individuelles avec Taxi Lausanne et Environs. Profitez d&#039;un service de taxi fiable, abordable et disponible.\" \/>\n<meta name=\"robots\" content=\"index, follow, max-snippet:-1, max-image-preview:large, max-video-preview:-1\" \/>\n<link rel=\"canonical\" href=\"https:\/\/taxislausanne.ch\/en\/taxi-lausanne-pas-che\/\" \/>\n<meta property=\"og:locale\" content=\"en_GB\" \/>\n<meta property=\"og:type\" content=\"article\" \/>\n<meta property=\"og:title\" content=\"Courses Individuelles avec Taxi Lausanne et Environs\" \/>\n<meta property=\"og:description\" content=\"D\u00e9couvrez les courses individuelles avec Taxi Lausanne et Environs. Profitez d&#039;un service de taxi fiable, abordable et disponible.\" \/>\n<meta property=\"og:url\" content=\"https:\/\/taxislausanne.ch\/en\/taxi-lausanne-pas-che\/\" \/>\n<meta property=\"og:site_name\" content=\"taxislausanne.ch\" \/>\n<meta property=\"article:modified_time\" content=\"2024-05-26T09:08:00+00:00\" \/>\n<meta property=\"og:image\" content=\"https:\/\/taxislausanne.ch\/wp-content\/uploads\/2024\/05\/service-taxi-lausanne.jpg\" \/>\n<meta name=\"twitter:card\" content=\"summary_large_image\" \/>\n<meta name=\"twitter:label1\" content=\"Estimated reading time\" \/>\n\t<meta name=\"twitter:data1\" content=\"3 minutes\" \/>\n<script type=\"application\/ld+json\" class=\"yoast-schema-graph\">{\"@context\":\"https:\/\/schema.org\",\"@graph\":[{\"@type\":\"WebPage\",\"@id\":\"https:\/\/taxislausanne.ch\/taxi-lausanne-pas-che\/\",\"url\":\"https:\/\/taxislausanne.ch\/taxi-lausanne-pas-che\/\",\"name\":\"Courses Individuelles avec Taxi Lausanne et Environs - taxislausanne.ch\",\"isPartOf\":{\"@id\":\"https:\/\/taxislausanne.ch\/#website\"},\"primaryImageOfPage\":{\"@id\":\"https:\/\/taxislausanne.ch\/taxi-lausanne-pas-che\/#primaryimage\"},\"image\":{\"@id\":\"https:\/\/taxislausanne.ch\/taxi-lausanne-pas-che\/#primaryimage\"},\"thumbnailUrl\":\"https:\/\/taxislausanne.ch\/wp-content\/uploads\/2024\/05\/service-taxi-lausanne.jpg\",\"datePublished\":\"2024-05-22T21:51:45+00:00\",\"dateModified\":\"2024-05-26T09:08:00+00:00\",\"description\":\"D\u00e9couvrez les courses individuelles avec Taxi Lausanne et Environs. Profitez d'un service de taxi fiable, abordable et disponible.\",\"breadcrumb\":{\"@id\":\"https:\/\/taxislausanne.ch\/taxi-lausanne-pas-che\/#breadcrumb\"},\"inLanguage\":\"en-GB\",\"potentialAction\":[{\"@type\":\"ReadAction\",\"target\":[\"https:\/\/taxislausanne.ch\/taxi-lausanne-pas-che\/\"]}]},{\"@type\":\"ImageObject\",\"inLanguage\":\"en-GB\",\"@id\":\"https:\/\/taxislausanne.ch\/taxi-lausanne-pas-che\/#primaryimage\",\"url\":\"https:\/\/taxislausanne.ch\/wp-content\/uploads\/2024\/05\/service-taxi-lausanne.jpg\",\"contentUrl\":\"https:\/\/taxislausanne.ch\/wp-content\/uploads\/2024\/05\/service-taxi-lausanne.jpg\"},{\"@type\":\"BreadcrumbList\",\"@id\":\"https:\/\/taxislausanne.ch\/taxi-lausanne-pas-che\/#breadcrumb\",\"itemListElement\":[{\"@type\":\"ListItem\",\"position\":1,\"name\":\"Accueil\",\"item\":\"https:\/\/taxislausanne.ch\/\"},{\"@type\":\"ListItem\",\"position\":2,\"name\":\"Courses Individuelles avec Taxi Lausanne et Environs\"}]},{\"@type\":\"WebSite\",\"@id\":\"https:\/\/taxislausanne.ch\/#website\",\"url\":\"https:\/\/taxislausanne.ch\/\",\"name\":\"taxislausanne\",\"description\":\"\",\"publisher\":{\"@id\":\"https:\/\/taxislausanne.ch\/#organization\"},\"potentialAction\":[{\"@type\":\"SearchAction\",\"target\":{\"@type\":\"EntryPoint\",\"urlTemplate\":\"https:\/\/taxislausanne.ch\/?s={search_term_string}\"},\"query-input\":\"required name=search_term_string\"}],\"inLanguage\":\"en-GB\"},{\"@type\":\"Organization\",\"@id\":\"https:\/\/taxislausanne.ch\/#organization\",\"name\":\"taxislausanne\",\"url\":\"https:\/\/taxislausanne.ch\/\",\"logo\":{\"@type\":\"ImageObject\",\"inLanguage\":\"en-GB\",\"@id\":\"https:\/\/taxislausanne.ch\/#\/schema\/logo\/image\/\",\"url\":\"https:\/\/taxislausanne.ch\/wp-content\/uploads\/2023\/09\/TAXISLAUSANNE-300-x-40-px.png\",\"contentUrl\":\"https:\/\/taxislausanne.ch\/wp-content\/uploads\/2023\/09\/TAXISLAUSANNE-300-x-40-px.png\",\"width\":300,\"height\":40,\"caption\":\"taxislausanne\"},\"image\":{\"@id\":\"https:\/\/taxislausanne.ch\/#\/schema\/logo\/image\/\"}}]}<\/script>\n<!-- \/ Yoast SEO Premium plugin. -->","yoast_head_json":{"title":"Courses Individuelles avec Taxi Lausanne et Environs - taxislausanne.ch","description":"D\u00e9couvrez les courses individuelles avec Taxi Lausanne et Environs. Profitez d'un service de taxi fiable, abordable et disponible.","robots":{"index":"index","follow":"follow","max-snippet":"max-snippet:-1","max-image-preview":"max-image-preview:large","max-video-preview":"max-video-preview:-1"},"canonical":"https:\/\/taxislausanne.ch\/en\/taxi-lausanne-pas-che\/","og_locale":"en_GB","og_type":"article","og_title":"Courses Individuelles avec Taxi Lausanne et Environs","og_description":"D\u00e9couvrez les courses individuelles avec Taxi Lausanne et Environs. Profitez d'un service de taxi fiable, abordable et disponible.","og_url":"https:\/\/taxislausanne.ch\/en\/taxi-lausanne-pas-che\/","og_site_name":"taxislausanne.ch","article_modified_time":"2024-05-26T09:08:00+00:00","og_image":[{"url":"https:\/\/taxislausanne.ch\/wp-content\/uploads\/2024\/05\/service-taxi-lausanne.jpg"}],"twitter_card":"summary_large_image","twitter_misc":{"Estimated reading time":"3 minutes"},"schema":{"@context":"https:\/\/schema.org","@graph":[{"@type":"WebPage","@id":"https:\/\/taxislausanne.ch\/taxi-lausanne-pas-che\/","url":"https:\/\/taxislausanne.ch\/taxi-lausanne-pas-che\/","name":"Courses Individuelles avec Taxi Lausanne et Environs - taxislausanne.ch","isPartOf":{"@id":"https:\/\/taxislausanne.ch\/#website"},"primaryImageOfPage":{"@id":"https:\/\/taxislausanne.ch\/taxi-lausanne-pas-che\/#primaryimage"},"image":{"@id":"https:\/\/taxislausanne.ch\/taxi-lausanne-pas-che\/#primaryimage"},"thumbnailUrl":"https:\/\/taxislausanne.ch\/wp-content\/uploads\/2024\/05\/service-taxi-lausanne.jpg","datePublished":"2024-05-22T21:51:45+00:00","dateModified":"2024-05-26T09:08:00+00:00","description":"D\u00e9couvrez les courses individuelles avec Taxi Lausanne et Environs. Profitez d'un service de taxi fiable, abordable et disponible.","breadcrumb":{"@id":"https:\/\/taxislausanne.ch\/taxi-lausanne-pas-che\/#breadcrumb"},"inLanguage":"en-GB","potentialAction":[{"@type":"ReadAction","target":["https:\/\/taxislausanne.ch\/taxi-lausanne-pas-che\/"]}]},{"@type":"ImageObject","inLanguage":"en-GB","@id":"https:\/\/taxislausanne.ch\/taxi-lausanne-pas-che\/#primaryimage","url":"https:\/\/taxislausanne.ch\/wp-content\/uploads\/2024\/05\/service-taxi-lausanne.jpg","contentUrl":"https:\/\/taxislausanne.ch\/wp-content\/uploads\/2024\/05\/service-taxi-lausanne.jpg"},{"@type":"BreadcrumbList","@id":"https:\/\/taxislausanne.ch\/taxi-lausanne-pas-che\/#breadcrumb","itemListElement":[{"@type":"ListItem","position":1,"name":"Accueil","item":"https:\/\/taxislausanne.ch\/"},{"@type":"ListItem","position":2,"name":"Courses Individuelles avec Taxi Lausanne et Environs"}]},{"@type":"WebSite","@id":"https:\/\/taxislausanne.ch\/#website","url":"https:\/\/taxislausanne.ch\/","name":"taxislausanne","description":"","publisher":{"@id":"https:\/\/taxislausanne.ch\/#organization"},"potentialAction":[{"@type":"SearchAction","target":{"@type":"EntryPoint","urlTemplate":"https:\/\/taxislausanne.ch\/?s={search_term_string}"},"query-input":"required name=search_term_string"}],"inLanguage":"en-GB"},{"@type":"Organization","@id":"https:\/\/taxislausanne.ch\/#organization","name":"taxislausanne","url":"https:\/\/taxislausanne.ch\/","logo":{"@type":"ImageObject","inLanguage":"en-GB","@id":"https:\/\/taxislausanne.ch\/#\/schema\/logo\/image\/","url":"https:\/\/taxislausanne.ch\/wp-content\/uploads\/2023\/09\/TAXISLAUSANNE-300-x-40-px.png","contentUrl":"https:\/\/taxislausanne.ch\/wp-content\/uploads\/2023\/09\/TAXISLAUSANNE-300-x-40-px.png","width":300,"height":40,"caption":"taxislausanne"},"image":{"@id":"https:\/\/taxislausanne.ch\/#\/schema\/logo\/image\/"}}]}},"_links":{"self":[{"href":"https:\/\/taxislausanne.ch\/en\/wp-json\/wp\/v2\/pages\/4621"}],"collection":[{"href":"https:\/\/taxislausanne.ch\/en\/wp-json\/wp\/v2\/pages"}],"about":[{"href":"https:\/\/taxislausanne.ch\/en\/wp-json\/wp\/v2\/types\/page"}],"author":[{"embeddable":true,"href":"https:\/\/taxislausanne.ch\/en\/wp-json\/wp\/v2\/users\/1"}],"replies":[{"embeddable":true,"href":"https:\/\/taxislausanne.ch\/en\/wp-json\/wp\/v2\/comments?post=4621"}],"version-history":[{"count":30,"href":"https:\/\/taxislausanne.ch\/en\/wp-json\/wp\/v2\/pages\/4621\/revisions"}],"predecessor-version":[{"id":5327,"href":"https:\/\/taxislausanne.ch\/en\/wp-json\/wp\/v2\/pages\/4621\/revisions\/5327"}],"wp:attachment":[{"href":"https:\/\/taxislausanne.ch\/en\/wp-json\/wp\/v2\/media?parent=4621"}],"curies":[{"name":"wp","href":"https:\/\/api.w.org\/{rel}","templated":true}]}}